{"id":138,"date":"2019-12-12T18:58:03","date_gmt":"2019-12-12T17:58:03","guid":{"rendered":"https:\/\/www.artfood.at\/?page_id=138"},"modified":"2025-06-30T20:10:13","modified_gmt":"2025-06-30T18:10:13","slug":"impressum","status":"publish","type":"page","link":"https:\/\/www.artfood.at\/index.php\/impressum\/","title":{"rendered":"Impressum"},"content":{"rendered":"\n<p><\/p>\n\n\n\n<p><strong>Medieninhaberin<\/strong><br>MMag. Alice Schmatzberger<br>1060 Wien <br>Adresse aus datenschutzrechtlichen Gr\u00fcnden nur auf Anfrage<br> www.artfood.at<br>alice(klammeraffe)artfood(dot)at<\/p>\n\n\n\n<p><strong>Copyright<\/strong><br>Die Inhalte und Texte dieser nicht-kommerziellen Website sind das geistige Eigentum der jeweiligen Autoren, sofern nichts anderes angegeben. Alle auf dieser Website verf\u00fcgbaren von den Autoren produzierten Texte, Eintr\u00e4ge und Bilder d\u00fcrfen unter Nennung der Autoren sowie der Quellenangabe reproduziert bzw. verbreitet werden \u2013 jedoch ohne Ver\u00e4nderung sowie keinesfalls zu kommerziellen Zwecken.<\/p>\n\n\n\n<p><strong>Haftung &amp; Haftungsausschluss<\/strong><br>Die Inhalte dieser nicht-kommerziellen Website dienen ausschlie\u00dflich zu Zwecken der Information. Die Autoren dieser Website \u00fcbernehmen keinerlei Haftung f\u00fcr die Korrektheit, Aktualit\u00e4t bzw. Vollst\u00e4ndigkeit der zur Verf\u00fcgung gestellten Informationen. Haftungsanspr\u00fcche gegen die Autoren, wel\u00adche sich auf Sch\u00e4den mate\u00adri\u00adel\u00adler oder ide\u00adel\u00adler Art bezie\u00adhen, die durch die Nutzung oder Nichtnutzung der dar\u00adge\u00adbo\u00adte\u00adnen Informationen bzw. durch die Nutzung feh\u00adler\u00adhaf\u00adter und unvoll\u00adst\u00e4n\u00addi\u00adger Informationen ver\u00adur\u00adsacht wur\u00adden, sind grund\u00ads\u00e4tz\u00adlich aus\u00adge\u00adschlos\u00adsen, sofern sei\u00adtens des Autors kein nach\u00adweis\u00adlich vor\u00ads\u00e4tz\u00adli\u00adches oder grob fahr\u00adl\u00e4s\u00adsi\u00adges Verschulden vor\u00adliegt.<\/p>\n\n\n\n<p>Sofern von dieser Website auf Internetseiten verwiesen wird, die von Dritten\nbetrieben werden, wird keinerlei Verantwortung oder Haftung f\u00fcr deren Inhalte\n\u00fcbernommen.<\/p>\n\n\n\n<p><\/p>\n\n\n\n<p><\/p>\n\n\n\n<p><\/p>\n\n\n\n<p><\/p>\n\n\n\n<p><\/p>\n\n\n\n<p><\/p>\n\n\n\n<p><\/p>\n\n\n\n<p><\/p>\n\n\n\n<p><\/p>\n\n\n\n<p>\u00a9 2025-2026 All Rights Reserved<\/p>\n","protected":false},"excerpt":{"rendered":"<p>MedieninhaberinMMag. Alice Schmatzberger1060 Wien Adresse aus datenschutzrechtlichen Gr\u00fcnden nur auf Anfrage www.artfood.atalice(klammeraffe)artfood(dot)at CopyrightDie Inhalte und Texte dieser nicht-kommerziellen Website sind das geistige Eigentum der jeweiligen Autoren, sofern nichts anderes angegeben.&hellip;<\/p>\n","protected":false},"author":1,"featured_media":0,"parent":0,"menu_order":0,"comment_status":"closed","ping_status":"closed","template":"","meta":[],"_links":{"self":[{"href":"https:\/\/www.artfood.at\/index.php\/wp-json\/wp\/v2\/pages\/138"}],"collection":[{"href":"https:\/\/www.artfood.at\/index.php\/wp-json\/wp\/v2\/pages"}],"about":[{"href":"https:\/\/www.artfood.at\/index.php\/wp-json\/wp\/v2\/types\/page"}],"author":[{"embeddable":true,"href":"https:\/\/www.artfood.at\/index.php\/wp-json\/wp\/v2\/users\/1"}],"replies":[{"embeddable":true,"href":"https:\/\/www.artfood.at\/index.php\/wp-json\/wp\/v2\/comments?post=138"}],"version-history":[{"count":10,"href":"https:\/\/www.artfood.at\/index.php\/wp-json\/wp\/v2\/pages\/138\/revisions"}],"predecessor-version":[{"id":2105,"href":"https:\/\/www.artfood.at\/index.php\/wp-json\/wp\/v2\/pages\/138\/revisions\/2105"}],"wp:attachment":[{"href":"https:\/\/www.artfood.at\/index.php\/wp-json\/wp\/v2\/media?parent=138"}],"curies":[{"name":"wp","href":"https:\/\/api.w.org\/{rel}","templated":true}]}}