{"id":9,"date":"2017-09-14T17:36:00","date_gmt":"2017-09-14T15:36:00","guid":{"rendered":"https:\/\/www.artfood.at\/?page_id=9"},"modified":"2025-06-30T20:37:14","modified_gmt":"2025-06-30T18:37:14","slug":"about","status":"publish","type":"page","link":"https:\/\/www.artfood.at\/index.php\/about\/","title":{"rendered":"\u00dcber"},"content":{"rendered":"<p><span style=\"color: #ff6600;\"><span style=\"color: #eb684b;\">ArtFood: Essen mit Kunst<\/span><\/span> widmet sich der kulturellen Bedeutung von Lebensmitteln, Essen &amp; Mahlzeiten und serviert Kulinarisches aus Kunst, Literatur &amp; Alltagskultur.<\/p>\n<p><strong>Essen mit Kunst &amp; Kultur<br><\/strong>Serviert werden: ein Lob an den Salzstreuer vom Architekten Adolf Loos, die Erotik des Granatapfels, die Heiligkeit von Zitronen, Sprudelndes und Futuristisches, die Passh\u00f6he des Geschmacks und der Urwald des Fra\u00dfes, kriegerische Artischocken, warum Ananasspalten besser als Pique-Buben sind und auch \u00fcber die Sache mit dem Fleisch, dem K\u00f6rper und dem Geist wird erz\u00e4hlt \u2013 und vieles mehr.<\/p>\n<p>Essen&nbsp;bedeutet so vieles: Genuss, Entdeckung, Gewohnheit, Heimat, soziale Praxis, Entspannung, Erinnerung, Trost, Mittel gegen Frust oder Langeweile, ein Miteinander &#8211; ist aber auch Hilfe gegen Einsamkeit, Spiegel sozialer Gegebenheiten, Begleiter guter Gespr\u00e4che und vieles mehr.<\/p>\n<p>Und Lebensmittel, Essen &amp; Mahlzeiten waren schon immer Thema, Motiv, Symbol, Material, performatives Element und Kommentar in der Kunst. Von den alten Griechen und R\u00f6mern \u00fcber die Darstellung von Zitronen oder Eiern in Madonnen-Bildern bis hin zu K\u00fcnstlern, die Essensreste auf einen Tisch kleben, Salatk\u00f6pfe in Z\u00fcgen fahren lassen als Sichtbarmachung von Zeit oder Gedichte \u00fcber Gem\u00fcse verfassen.<\/p>\n<p><strong>Kultur &amp; Lifestyle<br><\/strong>In den letzten Jahren setzte eine fatale Entwicklung ein: Essen wird in einer Gemengelage aus Schuld, Lifestyle, Moral, Weltanschauung, Krankheit oder auch Selbstoptimierung betrachtet. Und alle paar Monate betritt ein anderes Superfood die B\u00fchne, entwickelt sich ein neuer Gesundheitstrend, entstehen zahllose Videos mit immer neuen Tipps zur Optimierung des Essverhaltens.<\/p>\n<p>Immer schwieriger wird es, Gesundheit, K\u00f6rperkult und hippe Nahrungsmittel in Einklang mit \u00f6kologischen oder sozialen Herausforderungen unserer Zeit zu bringen. Als eines von vielen Beispielen sei hier die Avocado erw\u00e4hnt: gepriesen ob ihrer gesundheitlichen Wirkung, ben\u00f6tigt deren Anbau Unmengen an Wasser \u2013 und das in Gegenden, wo Wassermangel ohnehin schon virulent ist.<\/p>\n<p><strong>Warum <em>ArtFood<\/em>?<br><\/strong>Es braucht also einen frischen Blick auf das gro\u00dfe Thema Essen. Und den serviert <span style=\"color: #eb684b;\"><em>ArtFood<\/em><\/span>. Genuss sowie k\u00fcnstlerischer Ausdruck sind mit all ihren kulturellen, sozialen, historischen, philosophischen, witzigen, mythologischen, poetischen und sonstigen Facetten tief in unserer Alltagskultur verwurzelt. Diese Vielfalt der Esskultur gilt es wieder viel st\u00e4rker sichtbar zu machen.<\/p>\n<p><strong>Mit <em>ArtFood<\/em> isst Du besser: Gastrosophie<br><\/strong>Und&nbsp;<span style=\"color: #eb684b;\">ArtFood<\/span> ist auch ein gastrosophischer Blog. Die Gastrosophie als Philosophie vom Guten Essen stellt etliche Fragen: Unter welchen \u00f6kologischen und sozialen Bedingungen werden Lebensmittel angebaut? Wie kann oder muss die Erzeugung von Lebensmitteln in Zeiten des Klimawandels aussehen? Wie bzw. wo werden diese gekauft bzw. konsumiert? Warum landet so viel davon im M\u00fcll?<\/p>\n<p>Das sind zukunftsethische Fragestellungen, die im 21. Jahrhundert eine Neuorientierung erfordern. Dazu z\u00e4hlt auch ein verst\u00e4rktes Bewusstsein f\u00fcr die soziale Bedeutung von Mahlzeiten &amp; Essen, die notwendige \u00dcberwindung der philosophischen Trennung von K\u00f6rper und Geist, die immense Bedeutung von Lebensmittel bzw. Essen in Kunst und Kultur &#8211; und zu guter Letzt: die kulinarische Selbstbestimmung.<\/p>\n<p><strong>Was hier nicht zubereitet wird:<\/strong> <br>Ern\u00e4hrungstipps, Di\u00e4ten, Rezepte, Kalorientabellen, Lebensmitteltrends, Essen als S\u00fcnde, Gesundheitsthemen, Lokaltipps und \u00e4hnliches.<\/p>\n\n\n<div class=\"wp-block-jetpack-tiled-gallery aligncenter is-style-circle\"><div class=\"tiled-gallery__gallery\"><div class=\"tiled-gallery__row columns-3\"><div class=\"tiled-gallery__col\"><figure class=\"tiled-gallery__item filter__clarendon\"><img alt=\"\" data-height=\"442\" data-id=\"551\" data-link=\"https:\/\/www.artfood.at\/index.php\/about\/ich_rechts\/#main\" data-url=\"https:\/\/www.artfood.at\/wp-content\/uploads\/2020\/08\/Ich_rechts.jpg\" data-width=\"310\" src=\"https:\/\/i2.wp.com\/www.artfood.at\/wp-content\/uploads\/2020\/08\/Ich_rechts.jpg?ssl=1&amp;resize=310%2C310\" data-amp-layout=\"responsive\"\/><\/figure><\/div><div class=\"tiled-gallery__col\"><figure class=\"tiled-gallery__item filter__clarendon\"><img alt=\"\" data-height=\"1044\" data-id=\"185\" data-link=\"https:\/\/www.artfood.at\/index.php\/about\/artfood_4\/#main\" data-url=\"https:\/\/www.artfood.at\/wp-content\/uploads\/2020\/01\/Artfood_4.jpg\" data-width=\"1030\" src=\"https:\/\/i1.wp.com\/www.artfood.at\/wp-content\/uploads\/2020\/01\/Artfood_4.jpg?ssl=1&amp;resize=1030%2C1030\" data-amp-layout=\"responsive\"\/><\/figure><\/div><div class=\"tiled-gallery__col\"><figure class=\"tiled-gallery__item filter__clarendon\"><img alt=\"\" data-height=\"1280\" data-id=\"249\" data-link=\"https:\/\/www.artfood.at\/index.php\/about\/artfood_3\/#main\" data-url=\"https:\/\/www.artfood.at\/wp-content\/uploads\/2020\/01\/Artfood_3.jpg\" data-width=\"1265\" src=\"https:\/\/i0.wp.com\/www.artfood.at\/wp-content\/uploads\/2020\/01\/Artfood_3.jpg?ssl=1&amp;resize=1265%2C1265\" data-amp-layout=\"responsive\"\/><\/figure><\/div><\/div><\/div><\/div>\n\n\n\n<p><strong>Wer steht hinter <em>ArtFood<\/em>?<\/strong> <br>Ich bin Alice Schmatzberger. Biochemikerin, Kunsthistorikerin, Weinmacherin, Schaumwein Connaisseuse \u2013 und Autorin, Vortragende, Projektmanagerin.<\/p>\n\n\n<p>Schon lange begleiten mich die beiden Themen Lebensmittel bzw. Kunst. Genau genommen hat diese Entwicklung schon am Gymnasium begonnen: meine m\u00fcndliche Matura habe ich unter anderem in Chemie sowie in Bildnerischer Erziehung abgelegt.<\/p>\n<p>Auch meine beruflichen Stationen und Projekte sind oft entlang beider Interessensgebiete, aber bisher immer getrennt voneinander verlaufen. Ich habe jahrzehntelang zum Thema Gentechnik &amp; Landwirtschaft bzw. Lebensmittel geforscht sowie Studien und EU Beratungsprojekte in Mittel- und Osteuropa durchgef\u00fchrt, zahlreiche Artikel und Brosch\u00fcren ver\u00f6ffentlicht, Vortr\u00e4ge und Schulungen gehalten, Multi-Stakeholder Gruppen moderiert.<br data-rich-text-line-break=\"true\"><br data-rich-text-line-break=\"true\">Als Hobby begann ich irgendwann mal nebenbei Kunstgeschichte zu studieren. Und fing dann an, zu zeitgen\u00f6ssischer Kunst zu publizieren, f\u00fcr Messemagazine zu schreiben, K\u00fcnstler und K\u00fcnstlerinnen zu interviewen, Vortr\u00e4ge zu halten. Und so kam im Laufe der Jahre quasi Eins zum Anderen. Dass dabei auch mein Interesse f\u00fcr China begonnen hat, ist allerdings eine andere Geschichte. \ud83d\ude42<\/p>\n<p>F\u00fcr alle, die es zu Berufserfahrung, Studium, Sprachkenntnissen u.\u00e4. wirklich ganz genau wissen wollen: einfach hier nachschauen: <a href=\"http:\/\/www.science-art.at\" target=\"_blank\" rel=\"noreferrer noopener\">www.science-art.at<\/a>.<\/p>\n<p>In <span style=\"color: #eb684b;\">ArtFood: Essen mit Kunst<\/span>&nbsp;f\u00fchre ich nun meine bisher getrennten Interessensgebiete zusammen.<\/p>\n<p style=\"text-align: center;\">Alle Kategorien zum Lesen, Klicken und St\u00f6bern hier: <a href=\"https:\/\/www.artfood.at\/index.php\/starte-hier\/\" target=\"_blank\" rel=\"noopener noreferrer\">Starte Hier<\/a>.<br>Viel Vergn\u00fcgen w\u00fcnscht euch <em><span style=\"color: #000000;\">Alice<\/span><\/em><\/p>\n\n\n<p><\/p>\n\n\n\n<p><br><\/p>\n","protected":false},"excerpt":{"rendered":"<p>ArtFood: Essen mit Kunst widmet sich der kulturellen Bedeutung von Lebensmitteln, Essen &amp; Mahlzeiten und serviert Kulinarisches aus Kunst, Literatur &amp; Alltagskultur. Essen mit Kunst &amp; KulturServiert werden: ein Lob&hellip;<\/p>\n","protected":false},"author":1,"featured_media":0,"parent":0,"menu_order":1,"comment_status":"closed","ping_status":"closed","template":"","meta":[],"_links":{"self":[{"href":"https:\/\/www.artfood.at\/index.php\/wp-json\/wp\/v2\/pages\/9"}],"collection":[{"href":"https:\/\/www.artfood.at\/index.php\/wp-json\/wp\/v2\/pages"}],"about":[{"href":"https:\/\/www.artfood.at\/index.php\/wp-json\/wp\/v2\/types\/page"}],"author":[{"embeddable":true,"href":"https:\/\/www.artfood.at\/index.php\/wp-json\/wp\/v2\/users\/1"}],"replies":[{"embeddable":true,"href":"https:\/\/www.artfood.at\/index.php\/wp-json\/wp\/v2\/comments?post=9"}],"version-history":[{"count":41,"href":"https:\/\/www.artfood.at\/index.php\/wp-json\/wp\/v2\/pages\/9\/revisions"}],"predecessor-version":[{"id":2120,"href":"https:\/\/www.artfood.at\/index.php\/wp-json\/wp\/v2\/pages\/9\/revisions\/2120"}],"wp:attachment":[{"href":"https:\/\/www.artfood.at\/index.php\/wp-json\/wp\/v2\/media?parent=9"}],"curies":[{"name":"wp","href":"https:\/\/api.w.org\/{rel}","templated":true}]}}