{"id":90,"date":"2019-10-09T11:22:30","date_gmt":"2019-10-09T09:22:30","guid":{"rendered":"https:\/\/www.artfood.at\/?page_id=90"},"modified":"2025-06-30T20:36:12","modified_gmt":"2025-06-30T18:36:12","slug":"starte-hier","status":"publish","type":"page","link":"https:\/\/www.artfood.at\/index.php\/starte-hier\/","title":{"rendered":"Starte hier"},"content":{"rendered":"<p>Neu bei <span style=\"color: #eb684b;\">ArtFood: Essen mit Kunst<\/span>? Hier findet ihr Orientierung und einige Antworten.<\/p>\n<p><strong><span style=\"color: #000000;\">Was wird hier aufgetischt?<\/span><br \/>\n<\/strong><span style=\"color: #eb684b;\">ArtFood<\/span> widmet sich der kulturellen Bedeutung von Lebensmittel, Essen &amp; Mahlzeiten: unterhaltsame Geschichten, Anekdoten, Informationen &amp; Begebenheiten aus Kunst, Literatur &amp; Alltagskultur. Serviert wird also Essen mit Kunst &amp; Kultur &#8211; aber mit ohne Rezepte :-). Die Bloginhalte wurden zwischen 2020 &amp; 2024 jeden 2. Dienstag frisch geliefert &#8211; danach sporadisch.<\/p>\n<p><strong>Mit <em>ArtFood<\/em> isst Du besser<br \/>\n<\/strong>Die Blogeintr\u00e4ge sind hier nach Lebensmitteln geordnet. Also: Ein Lob des <a href=\"https:\/\/www.artfood.at\/index.php\/2020\/01\/07\/nun-habe-ich-ein-kleines-ding-das-mir-sehr-viel-freude-bereitet\/\" target=\"_blank\" rel=\"noopener noreferrer\">Salzstreuers<\/a> vom Architekten Adolf Loos? Auf ins Gew\u00fcrz-Regal. Das Wiener <a href=\"https:\/\/www.artfood.at\/index.php\/2020\/01\/07\/ihre-heisse-schokolade-frau-graefin\/\" target=\"_blank\" rel=\"noopener noreferrer\">Schokoladenm\u00e4dchen<\/a> des Malers Jeanne-\u00c9tienne Liotard aus dem Jahr 1744? Findet ihr bei Kaffee, Tee &amp; Kakao. <a href=\"https:\/\/www.artfood.at\/index.php\/2020\/03\/31\/der-durchgekaute-mensch\/\" target=\"_blank\" rel=\"noopener noreferrer\">Kaugummi<\/a> als Symbol der urbanen Rastlosigkeit? Erkl\u00e4rung bei S\u00fcsses &amp; Naschereien. Wieso malte \u00c9douard Manet eine einsame <a href=\"https:\/\/www.artfood.at\/index.php\/2020\/01\/07\/dem-manet-sein-spargel\/\" target=\"_blank\" rel=\"noopener noreferrer\">Spargelstange<\/a>? Beim Gem\u00fcse nachschauen. Ewiger Ruhm durch <a href=\"https:\/\/www.artfood.at\/index.php\/2020\/06\/23\/unsterblicher-ruhm-und-freie-zeche\/\" target=\"_blank\" rel=\"noopener noreferrer\">Zwetschkenkn\u00f6del<\/a>? In der Obstkiste. Was sind <a href=\"https:\/\/www.artfood.at\/index.php\/2022\/07\/19\/ueber-das-essen-philosophische-erkundungen-i\/\" target=\"_blank\" rel=\"noopener noreferrer\">ethische Aspekte beim Essen<\/a> und wie kann bzw. warum soll man genie\u00dfen? Nachzulesen bei der Gastrosophie. Und vieles mehr!<\/p>\n<p><strong>Essen mit Kunst &amp; Kultur<\/strong><br \/>\nKlickt euch einfach gem\u00e4\u00df euren Vorlieben durch folgende Kategorien: <a href=\"https:\/\/www.artfood.at\/index.php\/category\/bohnen-linsen-co\/\" target=\"_blank\" rel=\"noopener noreferrer\">Bohnen, Linsen &amp; Co<\/a>.\u00a0<a href=\"https:\/\/www.artfood.at\/index.php\/category\/fisch-meeresfruechte\/\" target=\"_blank\" rel=\"noopener noreferrer\">Fisch &amp; Meeresfr\u00fcchte<\/a>. <a href=\"https:\/\/www.artfood.at\/index.php\/category\/fleisch-wurst\/\" target=\"_blank\" rel=\"noopener\">Fleisch &amp; Wurst<\/a>.\u00a0<a href=\"https:\/\/www.artfood.at\/index.php\/category\/gastrosophisches\/\" target=\"_blank\" rel=\"noopener noreferrer\">Gastrosophisches<\/a>.\u00a0<a href=\"https:\/\/www.artfood.at\/index.php\/category\/gemuese\/\" target=\"_blank\" rel=\"noopener noreferrer\">Gem\u00fcse<\/a>. \u00a0<a href=\"https:\/\/www.artfood.at\/index.php\/category\/getreide-gebaeck-teigwaren\/\" target=\"_blank\" rel=\"noopener noreferrer\">Getreide, Geb\u00e4ck &amp; Teigwaren<\/a>.\u00a0<a href=\"https:\/\/www.artfood.at\/index.php\/category\/gewuerzregal\/\" target=\"_blank\" rel=\"noopener noreferrer\">Gew\u00fcrzregal<\/a>.\u00a0<a href=\"https:\/\/www.artfood.at\/index.php\/category\/kaffee-tee-kakao\/\" target=\"_blank\" rel=\"noopener noreferrer\">Kaffee, Tee &amp; Kakao<\/a>.\u00a0<a href=\"https:\/\/www.artfood.at\/index.php\/category\/milch-kaese-ei\/\" target=\"_blank\" rel=\"noopener noreferrer\">K\u00e4se, Milch &amp; Ei<\/a>. <a href=\"https:\/\/www.artfood.at\/index.php\/category\/kueche-koeche-mahlzeiten\/\" target=\"_blank\" rel=\"noopener\">K\u00fcche, K\u00f6che &amp; Mahlzeiten<\/a>.\u00a0<a href=\"https:\/\/www.artfood.at\/index.php\/category\/obst\/\" target=\"_blank\" rel=\"noopener noreferrer\">Obst<\/a>.\u00a0<a href=\"https:\/\/www.artfood.at\/index.php\/category\/suesses-naschereien\/\" target=\"_blank\" rel=\"noopener noreferrer\">S\u00fc\u00dfes &amp; Naschereien<\/a>.\u00a0<a href=\"https:\/\/www.artfood.at\/index.php\/category\/wein\/\" target=\"_blank\" rel=\"noopener noreferrer\">Wein &amp; Drinks<\/a>.\u00a0<a href=\"https:\/\/www.artfood.at\/index.php\/category\/wiener-geschichte\/\" target=\"_blank\" rel=\"noopener noreferrer\">Wiener G\u00b4 schichten<\/a>\u00a0sowie die\u00a0<a href=\"https:\/\/www.artfood.at\/index.php\/category\/fundstuecke\/\" target=\"_blank\" rel=\"noopener noreferrer\">Fundst\u00fccke<\/a>.<\/p>\n<p>Ihr sucht was ganz Bestimmtes und wollt nicht lange herum klicken? Dann nutzt die Suchfunktion (Volltext) in der Sidebar.<\/p>\n<p><strong>ArtFood BookStudio<br \/>\n<\/strong>Im <a href=\"https:\/\/www.artfood.at\/index.php\/category\/artfood_bookstudio\/\" target=\"_blank\" rel=\"noopener noreferrer\">ArtFood_BookStudio<\/a>\u00a0werden in loser Reihenfolge interessante B\u00fccher unter dem <span style=\"color: #eb684b;\">ArtFood<\/span> Aspekt besprochen. Ein Langzeit-Projekt in dieser Kategorie ist der\u00a0siebenb\u00e4ndige Roman\u00a0<em>Auf der Suche nach der verlorenen Zeit<\/em> von Marcel Proust. Ja, das wird wohl etwas dauern, bis ich auf den knapp 4.300 Seiten alle Aspekte rund ums Essen gesichtet habe &#8230; \ud83d\ude42<\/p>\n<p><strong><span style=\"color: #000000;\">Wer steht hinter <em>ArtFood<\/em>?<\/span><br \/>\n<\/strong>Ich bin Alice Schmatzberger: Biochemikerin, Kunsthistorikerin, Weinmacherin, Schaumwein Connaisseuse. Wenn ihr \u00fcber mich, meine Beweggr\u00fcnde f\u00fcr <span style=\"color: #eb684b;\">ArtFood<\/span> oder meinen beruflichen Hintergrund genauer Bescheid wissen wollt, dann seid ihr bei <a href=\"https:\/\/www.artfood.at\/index.php\/about\/\" target=\"_blank\" rel=\"noopener noreferrer\">\u00dcber<\/a> richtig.<\/p>\n<p><strong><span style=\"color: #000000;\">Kontakt, Kooperationen &amp; Abo<\/span><br \/>\n<\/strong>Wenn ihr mit mir Kontakt aufnehmen wollt oder Anfragen f\u00fcr Vortr\u00e4ge, Textbeitr\u00e4ge, Interviews oder Kooperationen habt, dann geht das \u00fcber E-Mail, siehe:\u00a0<a href=\"https:\/\/www.artfood.at\/index.php\/kontakt-impressum\/\" target=\"_blank\" rel=\"noopener\">Kontakt<\/a>. Wenn ihr neue Blogposts automatisch erhalten wollt, tragt eure E-Mail Adresse in das entsprechende Feld im Sidebar ein.<\/p>\n<p><span style=\"color: #ff6600;\"><strong><span style=\"color: #000000;\">Was gibt es hier nicht?<\/span><br \/>\n<\/strong><\/span>Was ihr hier bei <span style=\"color: #eb684b;\">ArtFood<\/span> nicht findet: Ern\u00e4hrungstipps, Di\u00e4ten, Rezepte, Kalorientabellen, Lebensmitteltrends, Essen als S\u00fcnde, Gesundheitsthemen, Lokaltipps und \u00e4hnliches. Vermutlich auch keine Fotos von Avocado-Toasts, aber wer wei\u00df &#8230; \ud83d\ude09<\/p>\n","protected":false},"excerpt":{"rendered":"<p>Neu bei ArtFood: Essen mit Kunst? Hier findet ihr Orientierung und einige Antworten. Was wird hier aufgetischt? ArtFood widmet sich der kulturellen Bedeutung von Lebensmittel, Essen &amp; Mahlzeiten: unterhaltsame Geschichten,&hellip;<\/p>\n","protected":false},"author":1,"featured_media":0,"parent":0,"menu_order":2,"comment_status":"closed","ping_status":"closed","template":"","meta":[],"_links":{"self":[{"href":"https:\/\/www.artfood.at\/index.php\/wp-json\/wp\/v2\/pages\/90"}],"collection":[{"href":"https:\/\/www.artfood.at\/index.php\/wp-json\/wp\/v2\/pages"}],"about":[{"href":"https:\/\/www.artfood.at\/index.php\/wp-json\/wp\/v2\/types\/page"}],"author":[{"embeddable":true,"href":"https:\/\/www.artfood.at\/index.php\/wp-json\/wp\/v2\/users\/1"}],"replies":[{"embeddable":true,"href":"https:\/\/www.artfood.at\/index.php\/wp-json\/wp\/v2\/comments?post=90"}],"version-history":[{"count":47,"href":"https:\/\/www.artfood.at\/index.php\/wp-json\/wp\/v2\/pages\/90\/revisions"}],"predecessor-version":[{"id":2121,"href":"https:\/\/www.artfood.at\/index.php\/wp-json\/wp\/v2\/pages\/90\/revisions\/2121"}],"wp:attachment":[{"href":"https:\/\/www.artfood.at\/index.php\/wp-json\/wp\/v2\/media?parent=90"}],"curies":[{"name":"wp","href":"https:\/\/api.w.org\/{rel}","templated":true}]}}