{"id":93,"date":"2019-10-09T11:26:20","date_gmt":"2019-10-09T09:26:20","guid":{"rendered":"https:\/\/www.artfood.at\/?page_id=93"},"modified":"2024-06-20T16:35:22","modified_gmt":"2024-06-20T14:35:22","slug":"kontakt-impressum","status":"publish","type":"page","link":"https:\/\/www.artfood.at\/index.php\/kontakt-impressum\/","title":{"rendered":"Kontakt"},"content":{"rendered":"<p><span style=\"color: #eb684b;\"><strong>ArtFood<\/strong><\/span><br \/>Anfragen f\u00fcr Vortr\u00e4ge, Textbeitr\u00e4ge, Interviews, Kooperationen u.\u00e4.:<br \/>alice(klammeraffe)artfood(dot)at<\/p>\n<p>Grundlegende Richtung des nicht-kommerziellen Blogs <a href=\"http:\/\/www.artfood.at\"><span style=\"color: #eb684b;\">www.artfood.at<\/span><\/a>: kulturelle Bedeutung von Lebensmittel, Essen &amp; Mahlzeiten mit Schwerpunkt in Kunst, Literatur und Alltagskultur.<\/p>\n\n\n<p><\/p>\n\n\n<p><strong>Inhaberin:<\/strong> MMag. Alice Schmatzberger<\/p>\n<hr>","protected":false},"excerpt":{"rendered":"<p>ArtFoodAnfragen f\u00fcr Vortr\u00e4ge, Textbeitr\u00e4ge, Interviews, Kooperationen u.\u00e4.:alice(klammeraffe)artfood(dot)at Grundlegende Richtung des nicht-kommerziellen Blogs www.artfood.at: kulturelle Bedeutung von Lebensmittel, Essen &amp; Mahlzeiten mit Schwerpunkt in Kunst, Literatur und Alltagskultur. Inhaberin: MMag. Alice&hellip;<\/p>\n","protected":false},"author":1,"featured_media":0,"parent":0,"menu_order":3,"comment_status":"closed","ping_status":"closed","template":"","meta":[],"_links":{"self":[{"href":"https:\/\/www.artfood.at\/index.php\/wp-json\/wp\/v2\/pages\/93"}],"collection":[{"href":"https:\/\/www.artfood.at\/index.php\/wp-json\/wp\/v2\/pages"}],"about":[{"href":"https:\/\/www.artfood.at\/index.php\/wp-json\/wp\/v2\/types\/page"}],"author":[{"embeddable":true,"href":"https:\/\/www.artfood.at\/index.php\/wp-json\/wp\/v2\/users\/1"}],"replies":[{"embeddable":true,"href":"https:\/\/www.artfood.at\/index.php\/wp-json\/wp\/v2\/comments?post=93"}],"version-history":[{"count":11,"href":"https:\/\/www.artfood.at\/index.php\/wp-json\/wp\/v2\/pages\/93\/revisions"}],"predecessor-version":[{"id":2017,"href":"https:\/\/www.artfood.at\/index.php\/wp-json\/wp\/v2\/pages\/93\/revisions\/2017"}],"wp:attachment":[{"href":"https:\/\/www.artfood.at\/index.php\/wp-json\/wp\/v2\/media?parent=93"}],"curies":[{"name":"wp","href":"https:\/\/api.w.org\/{rel}","templated":true}]}}